{"id":11,"date":"2022-07-20T17:50:45","date_gmt":"2022-07-20T15:50:45","guid":{"rendered":"http:\/\/geobiologie-terredeprince.fr\/?page_id=11"},"modified":"2022-08-09T14:23:48","modified_gmt":"2022-08-09T12:23:48","slug":"creez-votre-site-avec-des-blocs","status":"publish","type":"page","link":"https:\/\/geobiologie-terredeprince.fr\/?page_id=11","title":{"rendered":"G\u00c9OBIOLOGIE &#8211; PHENOMENES INVISIBLES &#8211; FENG SHUI"},"content":{"rendered":"\n<h2 class=\"alignwide has-text-align-wide has-gigantic-font-size wp-block-heading\" style=\"line-height:1.1\">Si votre habitation ou votre jardin n&#8217;est pas un lieu de repos et de ressourcement pour vous, alors peut \u00eatre que cet endroit poss\u00e8de des \u00e9l\u00e9ments perturbateurs pour les vivants.<\/h2>\n\n\n\n<p><strong>Je m\u2019appelle Herv\u00e9 G\u00e9ly, j&#8217;habite un village proven\u00e7al entre Arles et Avignon<\/strong>. <strong>Par mes nombreuses formations et exp\u00e9riences je peux vous aider \u00e0 am\u00e9liorer votre situation, en pr\u00e9sentiel sur les Nord des Bouches du Rh\u00f4ne et le Vaucluse ou \u00e0 distance&#8230; <\/strong><\/p>\n\n\n\n<p><\/p>\n\n\n\n<div class=\"wp-block-columns alignwide is-style-twentytwentyone-columns-overlap is-layout-flex wp-container-core-columns-is-layout-28f84493 wp-block-columns-is-layout-flex\">\n<div class=\"wp-block-column is-vertically-aligned-center is-layout-flow wp-block-column-is-layout-flow\">\n<div class=\"wp-block-columns is-layout-flex wp-container-core-columns-is-layout-28f84493 wp-block-columns-is-layout-flex\">\n<div class=\"wp-block-column is-layout-flow wp-block-column-is-layout-flow\" style=\"flex-basis:100%\">\n<figure class=\"wp-block-image alignfull size-large is-style-rounded\"><img fetchpriority=\"high\" decoding=\"async\" width=\"1024\" height=\"768\" src=\"http:\/\/geobiologie-terredeprince.fr\/wp-content\/uploads\/2022\/07\/IMG_0645-1024x768.jpg\" alt=\"\" class=\"wp-image-18\" srcset=\"https:\/\/geobiologie-terredeprince.fr\/wp-content\/uploads\/2022\/07\/IMG_0645-1024x768.jpg 1024w, https:\/\/geobiologie-terredeprince.fr\/wp-content\/uploads\/2022\/07\/IMG_0645-300x225.jpg 300w, https:\/\/geobiologie-terredeprince.fr\/wp-content\/uploads\/2022\/07\/IMG_0645-768x576.jpg 768w, https:\/\/geobiologie-terredeprince.fr\/wp-content\/uploads\/2022\/07\/IMG_0645-1536x1152.jpg 1536w, https:\/\/geobiologie-terredeprince.fr\/wp-content\/uploads\/2022\/07\/IMG_0645-2048x1536.jpg 2048w, https:\/\/geobiologie-terredeprince.fr\/wp-content\/uploads\/2022\/07\/IMG_0645-1568x1176.jpg 1568w\" sizes=\"(max-width: 1024px) 100vw, 1024px\" \/><\/figure>\n<\/div>\n<\/div>\n\n\n\n<div style=\"height:100px\" aria-hidden=\"true\" class=\"wp-block-spacer\"><\/div>\n\n\n\n<h2 class=\"has-text-align-center wp-block-heading\"><span class=\"has-inline-color has-theme-palette-1-color\">Les ph\u00e9nom\u00e8nes paranormaux :<\/span><\/h2>\n\n\n\n<p>L<strong>es entit\u00e9s non humaines<\/strong> : cristallisation d&#8217;\u00e9motions ou du mental plus ou moins dense&#8230;<\/p>\n\n\n\n<p><strong>Les entit\u00e9s humaines ou \u00e2mes errantes<\/strong> <\/p>\n\n\n\n<p><strong>La magie noire et les rituels <\/strong>: pr\u00e9sence d&#8217;objets tr\u00e8s anciens qui contiennent de la magie. <\/p>\n\n\n\n<p><strong>La m\u00e9moires des lieux : <\/strong>c&#8217;est la somme des \u00e9v\u00e9nements pass\u00e9s sur un lieu convertie en \u00e9motions et m\u00e9moriser dans les murs et le sol&#8230; <\/p>\n\n\n\n<p><strong>Les objets \u00e9th\u00e9riques<\/strong> : essentiellement des armes ou des boulets aux chevilles qui sont en nous ou sur nous depuis la nuit des temps&#8230;<\/p>\n\n\n\n<p><\/p>\n\n\n\n<p><\/p>\n<\/div>\n\n\n\n<div class=\"wp-block-column is-layout-flow wp-block-column-is-layout-flow\">\n<div class=\"wp-block-columns is-layout-flex wp-container-core-columns-is-layout-28f84493 wp-block-columns-is-layout-flex\">\n<div class=\"wp-block-column is-layout-flow wp-block-column-is-layout-flow\">\n<h2 class=\"wp-block-heading\"><span class=\"has-inline-color has-theme-palette-1-color\">LA GEOBIOLOGIE<\/span><\/h2>\n\n\n\n<p>C&#8217;est l&#8217;\u00e9tude ou la recherche de ph\u00e9nom\u00e8nes telluriques qui influencent le vivant, ils vont faciliter les d\u00e9s\u00e9quilibres que les gens ont en eux.  <\/p>\n\n\n\n<p><strong>Les r\u00e9seaux <\/strong>: croisements \u00e9nerg\u00e9tiques de la terre : Curry, Hartmann, Peyr\u00e9&#8230;<\/p>\n\n\n\n<p><strong>Les<\/strong> <strong>courants d&#8217;eau souterrains<\/strong> : s&#8217;ils passent sous des lieux habit\u00e9s \u00e7a peut perturber les personnes<\/p>\n\n\n\n<p><strong>Les<\/strong> <strong>failles telluriques<\/strong> : elles peuvent \u00eatre humides ou s\u00e8ches. Elles drainent des \u00e9nergies nocives ou b\u00e9n\u00e9fiques pour les \u00eatres vivants. <\/p>\n\n\n\n<p><strong>Les chemin\u00e9es cosmo telluriques <\/strong>: c&#8217;est les points d&#8217;acupunctures de la terre, \u00e7a ressemble \u00e0 un tr\u00e8s grand poireau ! <\/p>\n\n\n\n<p><strong>Les Vortex<\/strong> : ils poss\u00e8dent 2 spirales, ils relient le ciel \u00e0 la terre, ils captent l&#8217;\u00e9nergie et la rediffuse.  <\/p>\n\n\n\n<p><strong>Les courants telluriques <\/strong>: c&#8217;est comme une rivi\u00e8re invisible qui descend&#8230;<\/p>\n\n\n\n<p><strong>Les ondes de formes<\/strong> : appel\u00e9s aussi fl\u00e8ches de Sha en Feng Shui. Les ondes de formes nocives proviennent souvent de formes avec des \u00ab&nbsp;cassures&nbsp;\u00bb de ligne, changements d\u2019angle, rompant une certaine sym\u00e9trie, homog\u00e9n\u00e9it\u00e9, harmonie.<br>Quelques cas classiques sont les toitures en triangles typiques des vielles usines, de toitures asym\u00e9triques, des toitures \u00ab&nbsp;pyramidales&nbsp;\u00bb, \u2026<\/p>\n\n\n\n<p><strong>Ils existent 2 types de g\u00e9obiologues : les radiesth\u00e9sistes qui travaillent avec les antennes de L\u00e8cher et les baguettes et ceux qui travaillent sur les ph\u00e9nom\u00e8nes paranormaux.<\/strong> <\/p>\n\n\n\n<p><\/p>\n<\/div>\n<\/div>\n<\/div>\n\n\n\n<div class=\"wp-block-column is-vertically-aligned-top is-layout-flow wp-block-column-is-layout-flow\">\n<div style=\"height:100px\" aria-hidden=\"true\" class=\"wp-block-spacer\"><\/div>\n\n\n\n<div class=\"wp-block-columns is-layout-flex wp-container-core-columns-is-layout-28f84493 wp-block-columns-is-layout-flex\">\n<div class=\"wp-block-column is-layout-flow wp-block-column-is-layout-flow\" style=\"flex-basis:100%\">\n<figure class=\"wp-block-gallery columns-1 is-cropped wp-block-gallery-1 is-layout-flex wp-block-gallery-is-layout-flex\"><ul class=\"blocks-gallery-grid\"><li class=\"blocks-gallery-item\"><figure><img decoding=\"async\" width=\"768\" height=\"1024\" src=\"https:\/\/geobiologie-terredeprince.fr\/wp-content\/uploads\/2022\/07\/IMG_0471-modifie-768x1024.jpg\" alt=\"\" data-id=\"38\" class=\"wp-image-38\" srcset=\"https:\/\/geobiologie-terredeprince.fr\/wp-content\/uploads\/2022\/07\/IMG_0471-modifie-768x1024.jpg 768w, https:\/\/geobiologie-terredeprince.fr\/wp-content\/uploads\/2022\/07\/IMG_0471-modifie-225x300.jpg 225w, https:\/\/geobiologie-terredeprince.fr\/wp-content\/uploads\/2022\/07\/IMG_0471-modifie-1152x1536.jpg 1152w, https:\/\/geobiologie-terredeprince.fr\/wp-content\/uploads\/2022\/07\/IMG_0471-modifie-1536x2048.jpg 1536w, https:\/\/geobiologie-terredeprince.fr\/wp-content\/uploads\/2022\/07\/IMG_0471-modifie-scaled.jpg 1920w\" sizes=\"(max-width: 768px) 100vw, 768px\" \/><figcaption class=\"blocks-gallery-item__caption\">Herv\u00e9, g\u00e9obiologue et conseiller Feng Shui <\/figcaption><\/figure><\/li><\/ul><figcaption class=\"blocks-gallery-caption\"><strong><span class=\"has-inline-color has-theme-palette-1-color\">LE FENG SHUI TRADITIONNEL <\/span><\/strong><\/figcaption><\/figure>\n\n\n\n<p>Sa traduction litt\u00e9rale : &#8220;Vent&#8221; et &#8220;eau&#8221; C&#8217;est un art mill\u00e9naire d&#8217;origine tao\u00efste, son but est d&#8217;harmoniser l&#8217;\u00e9nergie environnementale.<\/p>\n\n\n\n<p><em>Le Feng Shui est le plus ancien art paysager du monde. Ses origines remonteraient \u00e0 plus de 3500 ans, au Tibet, en Chine et \u00e9galement en Inde. Les fondements du Feng Shui sont la perception directe des courants naturels \u00e9nerg\u00e9tiques et de leur ma\u00eetrise.<\/em><\/p>\n\n\n\n<p>Il est bas\u00e9 sur l&#8217;observation ( r\u00e9partition des 5 \u00e9l\u00e9ments) et sur des calculs de maths, le Feng Shui s&#8217;applique \u00e0 tout lieu de vie ou de travail, enfin de cr\u00e9er le confort, le bien-\u00eatre et l&#8217;harmonie des \u00eatres vivants.<\/p>\n\n\n\n<p><strong>J&#8217;utilise 5 principales m\u00e9thodes traditionnelles :<\/strong><\/p>\n\n\n\n<p><strong>Le Feng Shui du paysage &#8220;San H\u00e9&#8221;<\/strong> : C&#8217;est l&#8217;\u00e9tude de la forme de l&#8217;environnement, les &#8220;animaux c\u00e9lestes&#8221;.<\/p>\n\n\n\n<p><strong>Le Feng Shui de la boussole : <\/strong>l&#8217;\u00e9quilibre Yin Yang, le &#8220;Ba Gua&#8221;, les 9 Palais&#8230;<\/p>\n\n\n\n<p><strong>Le Feng Shui des \u00e9toiles volantes<\/strong> : c&#8217;est l&#8217;analyse des p\u00e9riodes de temps.<\/p>\n\n\n\n<p><strong>La m\u00e9thode des 8 demeures ou &#8220;Ba Zhai&#8221; et la m\u00e9thode du Ming Gua<\/strong> : \u00e9tudes des secteurs favorables et moins favorables d&#8217;un lieu selon la num\u00e9rologie des habitants&#8230;<\/p>\n\n\n\n<p><\/p>\n<\/div>\n<\/div>\n<\/div>\n<\/div>\n\n\n\n<div style=\"height:50px\" aria-hidden=\"true\" class=\"wp-block-spacer\"><\/div>\n\n\n\n<div class=\"wp-block-columns alignwide are-vertically-aligned-top is-layout-flex wp-container-core-columns-is-layout-28f84493 wp-block-columns-is-layout-flex\">\n<div class=\"wp-block-column is-vertically-aligned-top is-layout-flow wp-block-column-is-layout-flow\">\n<h2 class=\"wp-block-heading\">Me contacter <\/h2>\n\n\n\n<p>Micro entreprise : <strong>Terre de Princes en Provence 13630 Eyragues <\/strong><\/p>\n<\/div>\n\n\n\n<div class=\"wp-block-column is-vertically-aligned-top is-layout-flow wp-block-column-is-layout-flow\">\n<p>Par t\u00e9l\u00e9phone au 06 40 91 07 16 <\/p>\n\n\n\n<p>Par messagerie : gely.herve@orange.fr<\/p>\n<\/div>\n\n\n\n<div class=\"wp-block-column is-vertically-aligned-top is-layout-flow wp-block-column-is-layout-flow\"><\/div>\n<\/div>\n\n\n\n<div style=\"height:100px\" aria-hidden=\"true\" class=\"wp-block-spacer\"><\/div>\n\n\n\n<div class=\"wp-block-cover alignwide has-green-background-color has-background-dim is-style-twentytwentyone-border\"><div class=\"wp-block-cover__inner-container is-layout-flow wp-block-cover-is-layout-flow\">\n<div style=\"height:20px\" aria-hidden=\"true\" class=\"wp-block-spacer\"><\/div>\n\n\n\n<p class=\"has-huge-font-size\">Besoin d\u2019aide&nbsp;?<\/p>\n\n\n\n<div style=\"height:75px\" aria-hidden=\"true\" class=\"wp-block-spacer\"><\/div>\n\n\n\n<div class=\"wp-block-columns is-layout-flex wp-container-core-columns-is-layout-28f84493 wp-block-columns-is-layout-flex\">\n<div class=\"wp-block-column is-layout-flow wp-block-column-is-layout-flow\">\n<p><a href=\"https:\/\/wordpress.org\/support\/article\/twenty-twenty-one\/\">Lire la documentation du th\u00e8me<\/a><\/p>\n<\/div>\n\n\n\n<div class=\"wp-block-column is-layout-flow wp-block-column-is-layout-flow\">\n<p><a href=\"https:\/\/wordpress.org\/support\/theme\/twentytwentyone\/\">Consulter les forums de support<\/a><\/p>\n<\/div>\n<\/div>\n\n\n\n<div style=\"height:20px\" aria-hidden=\"true\" class=\"wp-block-spacer\"><\/div>\n<\/div><\/div>\n","protected":false},"excerpt":{"rendered":"<p>Si votre habitation ou votre jardin n&#8217;est pas un lieu de repos et de ressourcement pour vous, alors peut \u00eatre que cet endroit poss\u00e8de des \u00e9l\u00e9ments perturbateurs pour les vivants. Je m\u2019appelle Herv\u00e9 G\u00e9ly, j&#8217;habite un village proven\u00e7al entre Arles et Avignon. Par mes nombreuses formations et exp\u00e9riences je peux vous aider \u00e0 am\u00e9liorer votre [&hellip;]<\/p>\n","protected":false},"author":1,"featured_media":0,"parent":0,"menu_order":0,"comment_status":"closed","ping_status":"closed","template":"","meta":{"om_disable_all_campaigns":false,"_monsterinsights_skip_tracking":false,"_monsterinsights_sitenote_active":false,"_monsterinsights_sitenote_note":"","_monsterinsights_sitenote_category":0,"site-sidebar-layout":"default","site-content-layout":"","ast-site-content-layout":"default","site-content-style":"default","site-sidebar-style":"default","ast-global-header-display":"","ast-banner-title-visibility":"","ast-main-header-display":"","ast-hfb-above-header-display":"","ast-hfb-below-header-display":"","ast-hfb-mobile-header-display":"","site-post-title":"","ast-breadcrumbs-content":"","ast-featured-img":"","footer-sml-layout":"","ast-disable-related-posts":"","theme-transparent-header-meta":"","adv-header-id-meta":"","stick-header-meta":"","header-above-stick-meta":"","header-main-stick-meta":"","header-below-stick-meta":"","astra-migrate-meta-layouts":"default","ast-page-background-enabled":"default","ast-page-background-meta":{"desktop":{"background-color":"var(--ast-global-color-4)","background-image":"","background-repeat":"repeat","background-position":"center center","background-size":"auto","background-attachment":"scroll","background-type":"","background-media":"","overlay-type":"","overlay-color":"","overlay-opacity":"","overlay-gradient":""},"tablet":{"background-color":"","background-image":"","background-repeat":"repeat","background-position":"center center","background-size":"auto","background-attachment":"scroll","background-type":"","background-media":"","overlay-type":"","overlay-color":"","overlay-opacity":"","overlay-gradient":""},"mobile":{"background-color":"","background-image":"","background-repeat":"repeat","background-position":"center center","background-size":"auto","background-attachment":"scroll","background-type":"","background-media":"","overlay-type":"","overlay-color":"","overlay-opacity":"","overlay-gradient":""}},"ast-content-background-meta":{"desktop":{"background-color":"var(--ast-global-color-5)","background-image":"","background-repeat":"repeat","background-position":"center center","background-size":"auto","background-attachment":"scroll","background-type":"","background-media":"","overlay-type":"","overlay-color":"","overlay-opacity":"","overlay-gradient":""},"tablet":{"background-color":"var(--ast-global-color-5)","background-image":"","background-repeat":"repeat","background-position":"center center","background-size":"auto","background-attachment":"scroll","background-type":"","background-media":"","overlay-type":"","overlay-color":"","overlay-opacity":"","overlay-gradient":""},"mobile":{"background-color":"var(--ast-global-color-5)","background-image":"","background-repeat":"repeat","background-position":"center center","background-size":"auto","background-attachment":"scroll","background-type":"","background-media":"","overlay-type":"","overlay-color":"","overlay-opacity":"","overlay-gradient":""}},"footnotes":""},"class_list":["post-11","page","type-page","status-publish","hentry"],"aioseo_notices":[],"jetpack_sharing_enabled":true,"_links":{"self":[{"href":"https:\/\/geobiologie-terredeprince.fr\/index.php?rest_route=\/wp\/v2\/pages\/11","targetHints":{"allow":["GET"]}}],"collection":[{"href":"https:\/\/geobiologie-terredeprince.fr\/index.php?rest_route=\/wp\/v2\/pages"}],"about":[{"href":"https:\/\/geobiologie-terredeprince.fr\/index.php?rest_route=\/wp\/v2\/types\/page"}],"author":[{"embeddable":true,"href":"https:\/\/geobiologie-terredeprince.fr\/index.php?rest_route=\/wp\/v2\/users\/1"}],"replies":[{"embeddable":true,"href":"https:\/\/geobiologie-terredeprince.fr\/index.php?rest_route=%2Fwp%2Fv2%2Fcomments&post=11"}],"version-history":[{"count":21,"href":"https:\/\/geobiologie-terredeprince.fr\/index.php?rest_route=\/wp\/v2\/pages\/11\/revisions"}],"predecessor-version":[{"id":72,"href":"https:\/\/geobiologie-terredeprince.fr\/index.php?rest_route=\/wp\/v2\/pages\/11\/revisions\/72"}],"wp:attachment":[{"href":"https:\/\/geobiologie-terredeprince.fr\/index.php?rest_route=%2Fwp%2Fv2%2Fmedia&parent=11"}],"curies":[{"name":"wp","href":"https:\/\/api.w.org\/{rel}","templated":true}]}}